{"id":29623,"date":"2024-03-14T15:54:46","date_gmt":"2024-03-14T12:54:46","guid":{"rendered":"https:\/\/sivotaboatrent.gr\/?page_id=29623"},"modified":"2024-03-14T15:58:36","modified_gmt":"2024-03-14T12:58:36","slug":"404-2","status":"publish","type":"page","link":"https:\/\/sivotaboatrent.gr\/ro\/404-2\/","title":{"rendered":"404"},"content":{"rendered":"<div data-elementor-type=\"wp-page\" data-elementor-id=\"29623\" class=\"elementor elementor-29623\" data-elementor-post-type=\"page\">\n\t\t\t\t<div class=\"elementor-element elementor-element-6be122f2 e-flex e-con-boxed e-con e-parent\" data-id=\"6be122f2\" data-element_type=\"container\">\n\t\t\t\t\t<div class=\"e-con-inner\">\n\t\t\t\t<div class=\"elementor-element elementor-element-4e1bad8a elementor-widget elementor-widget-text-editor\" data-id=\"4e1bad8a\" data-element_type=\"widget\" data-widget_type=\"text-editor.default\">\n\t\t\t\t<div class=\"elementor-widget-container\">\n\t\t\t\t\t\t\t\t\t\n<p style=\"text-align: center;\">Eroare de pagin\u0103 404<\/p>\n\t\t\t\t\t\t\t\t<\/div>\n\t\t\t\t<\/div>\n\t\t\t\t<div class=\"elementor-element elementor-element-a8634c7 elementor-align-center elementor-widget elementor-widget-button\" data-id=\"a8634c7\" data-element_type=\"widget\" data-widget_type=\"button.default\">\n\t\t\t\t<div class=\"elementor-widget-container\">\n\t\t\t\t\t\t\t\t\t<div class=\"elementor-button-wrapper\">\n\t\t\t\t\t<a class=\"elementor-button elementor-button-link elementor-size-sm\" href=\"https:\/\/sivotaboatrent.gr\/ro\/\">\n\t\t\t\t\t\t<span class=\"elementor-button-content-wrapper\">\n\t\t\t\t\t\t\t\t\t<span class=\"elementor-button-text\">\u00cenapoi la \u00eenceput<\/span>\n\t\t\t\t\t<\/span>\n\t\t\t\t\t<\/a>\n\t\t\t\t<\/div>\n\t\t\t\t\t\t\t\t<\/div>\n\t\t\t\t<\/div>\n\t\t\t\t\t<\/div>\n\t\t\t\t<\/div>\n\t\t\t\t<\/div>","protected":false},"excerpt":{"rendered":"<p>Eroare de pagin\u0103 404 \u00cenapoi la \u00eenceput<\/p>","protected":false},"author":1,"featured_media":0,"parent":0,"menu_order":0,"comment_status":"closed","ping_status":"closed","template":"","meta":{"footnotes":""},"class_list":["post-29623","page","type-page","status-publish","hentry"],"aioseo_notices":[],"aioseo_head":"\n\t\t<!-- All in One SEO Pro 4.9.3 - aioseo.com -->\n\t<meta name=\"description\" content=\"Page not found | 404 Error\" \/>\n\t<meta name=\"robots\" content=\"max-image-preview:large\" \/>\n\t<meta name=\"google-site-verification\" content=\"o6nfjLyS0mVFy2butMYP3YCbTlPUSCwElZcEO-MIF6w\" \/>\n\t<meta name=\"msvalidate.01\" content=\"978B1D8FBDD5269013C2074A4D4B7303\" \/>\n\t<link rel=\"canonical\" href=\"https:\/\/sivotaboatrent.gr\/ro\/404-2\/\" \/>\n\t<meta name=\"generator\" content=\"All in One SEO Pro (AIOSEO) 4.9.3\" \/>\n\t\t<meta property=\"og:locale\" content=\"ro_RO\" \/>\n\t\t<meta property=\"og:site_name\" content=\"Sivota Boat Rent\" \/>\n\t\t<meta property=\"og:type\" content=\"article\" \/>\n\t\t<meta property=\"og:title\" content=\"Page Error 404\" \/>\n\t\t<meta property=\"og:description\" content=\"Page not found | 404 Error\" \/>\n\t\t<meta property=\"og:url\" content=\"https:\/\/sivotaboatrent.gr\/ro\/404-2\/\" \/>\n\t\t<meta property=\"og:image\" content=\"https:\/\/sivotaboatrent.gr\/wp-content\/uploads\/2023\/12\/all-pradise.jpg\" \/>\n\t\t<meta property=\"og:image:secure_url\" content=\"https:\/\/sivotaboatrent.gr\/wp-content\/uploads\/2023\/12\/all-pradise.jpg\" \/>\n\t\t<meta property=\"og:image:width\" content=\"1800\" \/>\n\t\t<meta property=\"og:image:height\" content=\"1200\" \/>\n\t\t<meta property=\"article:published_time\" content=\"2024-03-14T12:54:46+00:00\" \/>\n\t\t<meta property=\"article:modified_time\" content=\"2024-03-14T12:58:36+00:00\" \/>\n\t\t<meta property=\"article:publisher\" content=\"https:\/\/www.facebook.com\/rentboatsivota\/\" \/>\n\t\t<meta name=\"twitter:card\" content=\"summary_large_image\" \/>\n\t\t<meta name=\"twitter:site\" content=\"@rentaboatsivota\" \/>\n\t\t<meta name=\"twitter:title\" content=\"Page Error 404\" \/>\n\t\t<meta name=\"twitter:description\" content=\"Page not found | 404 Error\" \/>\n\t\t<meta name=\"twitter:creator\" content=\"@rentaboatsivota\" \/>\n\t\t<meta name=\"twitter:image\" content=\"https:\/\/sivotaboatrent.gr\/wp-content\/uploads\/2023\/12\/all-pradise.jpg\" \/>\n\t\t<script type=\"application\/ld+json\" class=\"aioseo-schema\">\n\t\t\t{\"@context\":\"https:\\\/\\\/schema.org\",\"@graph\":[{\"@type\":\"BreadcrumbList\",\"@id\":\"https:\\\/\\\/sivotaboatrent.gr\\\/ro\\\/404-2\\\/#breadcrumblist\",\"itemListElement\":[{\"@type\":\"ListItem\",\"@id\":\"https:\\\/\\\/sivotaboatrent.gr\\\/ro#listItem\",\"position\":1,\"name\":\"Home\",\"item\":\"https:\\\/\\\/sivotaboatrent.gr\\\/ro\",\"nextItem\":{\"@type\":\"ListItem\",\"@id\":\"https:\\\/\\\/sivotaboatrent.gr\\\/ro\\\/404-2\\\/#listItem\",\"name\":\"404\"}},{\"@type\":\"ListItem\",\"@id\":\"https:\\\/\\\/sivotaboatrent.gr\\\/ro\\\/404-2\\\/#listItem\",\"position\":2,\"name\":\"404\",\"previousItem\":{\"@type\":\"ListItem\",\"@id\":\"https:\\\/\\\/sivotaboatrent.gr\\\/ro#listItem\",\"name\":\"Home\"}}]},{\"@type\":\"Organization\",\"@id\":\"https:\\\/\\\/sivotaboatrent.gr\\\/ro\\\/#organization\",\"name\":\"Sivota Boat Rent\",\"description\":\"Rent A Boat In Sivota\",\"url\":\"https:\\\/\\\/sivotaboatrent.gr\\\/ro\\\/\",\"email\":\"info@sivotaboatrent.gr\",\"telephone\":\"+306974322000\",\"logo\":{\"@type\":\"ImageObject\",\"url\":\"https:\\\/\\\/sivotaboatrent.gr\\\/wp-content\\\/uploads\\\/2023\\\/12\\\/icon.png\",\"@id\":\"https:\\\/\\\/sivotaboatrent.gr\\\/ro\\\/404-2\\\/#organizationLogo\",\"width\":100,\"height\":100},\"image\":{\"@id\":\"https:\\\/\\\/sivotaboatrent.gr\\\/ro\\\/404-2\\\/#organizationLogo\"},\"sameAs\":[\"https:\\\/\\\/www.facebook.com\\\/rentboatsivota\\\/\",\"https:\\\/\\\/twitter.com\\\/rentaboatsivota\",\"https:\\\/\\\/www.instagram.com\\\/rentaboatsivota\\\/\",\"https:\\\/\\\/www.tiktok.com\\\/@rentaboatsivota\",\"https:\\\/\\\/www.youtube.com\\\/@rentboatsivota\"],\"address\":{\"@id\":\"https:\\\/\\\/sivotaboatrent.gr\\\/ro\\\/#postaladdress\",\"@type\":\"PostalAddress\",\"streetAddress\":\"Sivota, Greece,\",\"postalCode\":\"46100\",\"addressLocality\":\"Igoumenitsa\",\"addressRegion\":\"Thesprotia\",\"addressCountry\":\"GR\"},\"vatID\":\"EL801976162\"},{\"@type\":\"WebPage\",\"@id\":\"https:\\\/\\\/sivotaboatrent.gr\\\/ro\\\/404-2\\\/#webpage\",\"url\":\"https:\\\/\\\/sivotaboatrent.gr\\\/ro\\\/404-2\\\/\",\"name\":\"Page Error 404\",\"description\":\"Page not found | 404 Error\",\"inLanguage\":\"ro-RO\",\"isPartOf\":{\"@id\":\"https:\\\/\\\/sivotaboatrent.gr\\\/ro\\\/#website\"},\"breadcrumb\":{\"@id\":\"https:\\\/\\\/sivotaboatrent.gr\\\/ro\\\/404-2\\\/#breadcrumblist\"},\"datePublished\":\"2024-03-14T15:54:46+03:00\",\"dateModified\":\"2024-03-14T15:58:36+03:00\"},{\"@type\":\"WebSite\",\"@id\":\"https:\\\/\\\/sivotaboatrent.gr\\\/ro\\\/#website\",\"url\":\"https:\\\/\\\/sivotaboatrent.gr\\\/ro\\\/\",\"name\":\"Sivota Boat Rent\",\"description\":\"Rent A Boat In Sivota\",\"inLanguage\":\"ro-RO\",\"publisher\":{\"@id\":\"https:\\\/\\\/sivotaboatrent.gr\\\/ro\\\/#organization\"}}]}\n\t\t<\/script>\n\t\t<!-- All in One SEO Pro -->\r\n\t\t<title>Page Error 404<\/title>\n\n","aioseo_head_json":{"title":"Eroare de pagin\u0103 404","description":"Pagina nu a fost g\u0103sit\u0103 | Eroare 404","canonical_url":"https:\/\/sivotaboatrent.gr\/ro\/404-2\/","robots":"max-image-preview:large","keywords":"","webmasterTools":{"google-site-verification":"o6nfjLyS0mVFy2butMYP3YCbTlPUSCwElZcEO-MIF6w","msvalidate.01":"978B1D8FBDD5269013C2074A4D4B7303","miscellaneous":""},"schema":{"@context":"https:\/\/schema.org","@graph":[{"@type":"BreadcrumbList","@id":"https:\/\/sivotaboatrent.gr\/ro\/404-2\/#breadcrumblist","itemListElement":[{"@type":"ListItem","@id":"https:\/\/sivotaboatrent.gr\/ro#listItem","position":1,"name":"Home","item":"https:\/\/sivotaboatrent.gr\/ro","nextItem":{"@type":"ListItem","@id":"https:\/\/sivotaboatrent.gr\/ro\/404-2\/#listItem","name":"404"}},{"@type":"ListItem","@id":"https:\/\/sivotaboatrent.gr\/ro\/404-2\/#listItem","position":2,"name":"404","previousItem":{"@type":"ListItem","@id":"https:\/\/sivotaboatrent.gr\/ro#listItem","name":"Home"}}]},{"@type":"Organization","@id":"https:\/\/sivotaboatrent.gr\/ro\/#organization","name":"Sivota Boat Rent","description":"Rent A Boat In Sivota","url":"https:\/\/sivotaboatrent.gr\/ro\/","email":"info@sivotaboatrent.gr","telephone":"+306974322000","logo":{"@type":"ImageObject","url":"https:\/\/sivotaboatrent.gr\/wp-content\/uploads\/2023\/12\/icon.png","@id":"https:\/\/sivotaboatrent.gr\/ro\/404-2\/#organizationLogo","width":100,"height":100},"image":{"@id":"https:\/\/sivotaboatrent.gr\/ro\/404-2\/#organizationLogo"},"sameAs":["https:\/\/www.facebook.com\/rentboatsivota\/","https:\/\/twitter.com\/rentaboatsivota","https:\/\/www.instagram.com\/rentaboatsivota\/","https:\/\/www.tiktok.com\/@rentaboatsivota","https:\/\/www.youtube.com\/@rentboatsivota"],"address":{"@id":"https:\/\/sivotaboatrent.gr\/ro\/#postaladdress","@type":"PostalAddress","streetAddress":"Sivota, Greece,","postalCode":"46100","addressLocality":"Igoumenitsa","addressRegion":"Thesprotia","addressCountry":"GR"},"vatID":"EL801976162"},{"@type":"WebPage","@id":"https:\/\/sivotaboatrent.gr\/ro\/404-2\/#webpage","url":"https:\/\/sivotaboatrent.gr\/ro\/404-2\/","name":"Page Error 404","description":"Page not found | 404 Error","inLanguage":"ro-RO","isPartOf":{"@id":"https:\/\/sivotaboatrent.gr\/ro\/#website"},"breadcrumb":{"@id":"https:\/\/sivotaboatrent.gr\/ro\/404-2\/#breadcrumblist"},"datePublished":"2024-03-14T15:54:46+03:00","dateModified":"2024-03-14T15:58:36+03:00"},{"@type":"WebSite","@id":"https:\/\/sivotaboatrent.gr\/ro\/#website","url":"https:\/\/sivotaboatrent.gr\/ro\/","name":"Sivota Boat Rent","description":"Rent A Boat In Sivota","inLanguage":"ro-RO","publisher":{"@id":"https:\/\/sivotaboatrent.gr\/ro\/#organization"}}]},"og:locale":"ro_RO","og:site_name":"Sivota Boat Rent","og:type":"article","og:title":"Page Error 404","og:description":"Page not found | 404 Error","og:url":"https:\/\/sivotaboatrent.gr\/ro\/404-2\/","og:image":"https:\/\/sivotaboatrent.gr\/wp-content\/uploads\/2023\/12\/all-pradise.jpg","og:image:secure_url":"https:\/\/sivotaboatrent.gr\/wp-content\/uploads\/2023\/12\/all-pradise.jpg","og:image:width":1800,"og:image:height":1200,"article:published_time":"2024-03-14T12:54:46+00:00","article:modified_time":"2024-03-14T12:58:36+00:00","article:publisher":"https:\/\/www.facebook.com\/rentboatsivota\/","twitter:card":"summary_large_image","twitter:site":"@rentaboatsivota","twitter:title":"Page Error 404","twitter:description":"Page not found | 404 Error","twitter:creator":"@rentaboatsivota","twitter:image":"https:\/\/sivotaboatrent.gr\/wp-content\/uploads\/2023\/12\/all-pradise.jpg"},"aioseo_meta_data":{"post_id":"29623","title":"Eroare de pagin\u0103 404","description":"Pagina nu a fost g\u0103sit\u0103 | Eroare 404","keywords":[],"keyphrases":{"focus":{"keyphrase":"","score":0,"analysis":{"keyphraseInTitle":{"score":0,"maxScore":9,"error":1}}},"additional":[]},"primary_term":null,"canonical_url":null,"og_title":null,"og_description":null,"og_object_type":"default","og_image_type":"default","og_image_url":null,"og_image_width":null,"og_image_height":null,"og_image_custom_url":null,"og_image_custom_fields":null,"og_video":"","og_custom_url":null,"og_article_section":null,"og_article_tags":[],"twitter_use_og":false,"twitter_card":"default","twitter_image_type":"default","twitter_image_url":null,"twitter_image_custom_url":null,"twitter_image_custom_fields":null,"twitter_title":null,"twitter_description":null,"schema":{"blockGraphs":[],"customGraphs":[],"default":{"data":{"Article":[],"Course":[],"Dataset":[],"FAQPage":[],"Movie":[],"Person":[],"Product":[],"ProductReview":[],"Car":[],"Recipe":[],"Service":[],"SoftwareApplication":[],"WebPage":[]},"graphName":"WebPage","isEnabled":true},"graphs":[]},"schema_type":"default","schema_type_options":null,"pillar_content":false,"robots_default":true,"robots_noindex":false,"robots_noarchive":false,"robots_nosnippet":false,"robots_nofollow":false,"robots_noimageindex":false,"robots_noodp":false,"robots_notranslate":false,"robots_max_snippet":"-1","robots_max_videopreview":"-1","robots_max_imagepreview":"large","priority":null,"frequency":"default","local_seo":null,"seo_analyzer_scan_date":"2025-08-23 16:27:33","breadcrumb_settings":null,"limit_modified_date":false,"open_ai":"{\"title\":{\"suggestions\":[],\"usage\":0},\"description\":{\"suggestions\":[],\"usage\":0}}","ai":null,"created":"2024-03-14 12:54:47","updated":"2025-11-19 18:08:03"},"aioseo_breadcrumb":"<div class=\"aioseo-breadcrumbs\"><span class=\"aioseo-breadcrumb\">\n\t<a href=\"https:\/\/sivotaboatrent.gr\/ro\" title=\"Home\">Home<\/a>\n<\/span><span class=\"aioseo-breadcrumb-separator\">\u00bb<\/span><span class=\"aioseo-breadcrumb\">\n\t404\n<\/span><\/div>","aioseo_breadcrumb_json":[{"label":"Home","link":"https:\/\/sivotaboatrent.gr\/ro"},{"label":"404","link":"https:\/\/sivotaboatrent.gr\/ro\/404-2\/"}],"_links":{"self":[{"href":"https:\/\/sivotaboatrent.gr\/ro\/wp-json\/wp\/v2\/pages\/29623","targetHints":{"allow":["GET"]}}],"collection":[{"href":"https:\/\/sivotaboatrent.gr\/ro\/wp-json\/wp\/v2\/pages"}],"about":[{"href":"https:\/\/sivotaboatrent.gr\/ro\/wp-json\/wp\/v2\/types\/page"}],"author":[{"embeddable":true,"href":"https:\/\/sivotaboatrent.gr\/ro\/wp-json\/wp\/v2\/users\/1"}],"replies":[{"embeddable":true,"href":"https:\/\/sivotaboatrent.gr\/ro\/wp-json\/wp\/v2\/comments?post=29623"}],"version-history":[{"count":0,"href":"https:\/\/sivotaboatrent.gr\/ro\/wp-json\/wp\/v2\/pages\/29623\/revisions"}],"wp:attachment":[{"href":"https:\/\/sivotaboatrent.gr\/ro\/wp-json\/wp\/v2\/media?parent=29623"}],"curies":[{"name":"wp","href":"https:\/\/api.w.org\/{rel}","templated":true}]}}